{"id":185,"date":"2020-09-01T22:25:36","date_gmt":"2020-09-01T22:25:36","guid":{"rendered":"http:\/\/matora.eu\/?page_id=185"},"modified":"2022-12-20T17:34:15","modified_gmt":"2022-12-20T17:34:15","slug":"mesmerize","status":"publish","type":"page","link":"https:\/\/matora.eu\/","title":{"rendered":"Front Page"},"content":{"rendered":"<div  id=\"aufgabengebiete\" style=\"background-color: #ffffff;\" data-label=\"Aufgabengebiete\" data-id=\"features-ov-4-mc\" data-export-id=\"features-ov-4-mc\" data-category=\"features\" class=\"features-ov-4-mc content-section content-section-spacing\" data-bullets-visibility=\"true\"><div  class=\"\"> <div  data-type=\"row\" class=\"row spaced-cols text-center center-sm content-center-sm\"><div  class=\"col-xs-12 col-sm-4 col-padding\"> <a data-cp-link=\"1\" href=\"https:\/\/matora.eu?page_id=105\" target=\"_self\" rel=\"noopener noreferrer\"><i  class=\"fa icon shadow-large-black aligncenter color1 fa-picture-o reverse round large\"><\/i><\/a> <div  data-type=\"column\" class=\"\"> <h5  class=\"font-400\">Fotografie<\/h5> <\/div> <\/div>  <div  class=\"col-xs-12 col-sm-4 col-padding\"> <a data-cp-link=\"1\" href=\"https:\/\/matora.eu?page_id=155\" target=\"_self\" rel=\"noopener noreferrer\"><i  class=\"fa icon shadow-large-black aligncenter color2 fa-file-video-o reverse round large\"><\/i><\/a> <div  data-type=\"column\" class=\"\"><h5  class=\"font-400\">Videografie<\/h5> <\/div> <\/div><div  class=\"col-xs-12 col-sm-4 col-padding\"> <i  class=\"fa icon shadow-large-black aligncenter color4 fa-fighter-jet reverse round large\"><\/i> <div  data-type=\"column\" class=\"\"><h5  class=\"font-400\">Luftaufnahmen<\/h5> <\/div> <\/div><div  class=\"col-xs-12 col-sm-4 col-padding\"> <a data-cp-link=\"1\" href=\"https:\/\/matora.eu\" target=\"_self\" rel=\"noopener noreferrer\"><i  class=\"fa icon shadow-large-black aligncenter color1 fa-print reverse round large\"><\/i><\/a> <div  data-type=\"column\" class=\"\"> <h5  class=\"font-400\">3D Druck<\/h5> <\/div> <\/div><div  class=\"col-xs-12 col-sm-4 col-padding\"> <a data-cp-link=\"1\" href=\"https:\/\/cloud.matora.eu\" target=\"_blank\" rel=\"noopener noreferrer\" class=\"\"><i  class=\"fa icon shadow-large-black aligncenter color1 fa-cloud reverse round large\"><\/i><\/a> <div  data-type=\"column\" class=\"\"> <h5  class=\"font-400\">Cloud<\/h5> <\/div> <\/div><div  class=\"col-xs-12 col-sm-4 col-padding\"> <a data-cp-link=\"1\" href=\"https:\/\/soundcloud.com\/matoramusic\" target=\"_blank\" rel=\"noopener noreferrer\" class=\"\"><i  class=\"fa icon shadow-large-black aligncenter color1 fa-soundcloud reverse round large\"><\/i><\/a> <div  data-type=\"column\" class=\"\"> <h5  class=\"font-400\">Musik<\/h5> <\/div> <\/div><\/div> <\/div><\/div><div  id=\"was-wir-tun\" style=\"background-color: #f5fafd;\" data-label=\"Was wir tun\" data-id=\"about-images-right-section-mc\" data-export-id=\"about-images-right-section-mc\" data-bullets-visibility=\"true\" data-category=\"about\" class=\"about-images-right-section-mc content-section content-section-spacing\"><div  class=\"gridContainer\"> <div  class=\"row middle-sm text-center\"><div  class=\"col-sm-5 content-left-sm\" data-type=\"column\"> <h5  class=\"\">Was wir tun<\/h5> <h2  class=\"\">Wir bieten&nbsp;<br > <span  style=\"font-family: Playfair Display,sans-serif; font-weight: 700; font-style: italic;\" href=\"#\">Aufnahmen<\/span> f\u00fcr alle Ihre Bed\u00fcrfnisse<\/h2>  <a class=\"button color1\" href=\"#\" target=\"_self\" data-cp-link=\"1\" rel=\"noopener noreferrer\">Jetzt starten<\/a><\/div> <div  class=\"col-sm-7 space-bottom-xs\"><div  class=\"image-group-side-3-img\"> <img  decoding=\"async\" class=\"topimg shadow-large\" src=\"http:\/\/matora.eu\/wp-content\/uploads\/2020\/09\/cropped-treatment-plant-wastewater-2826990_1920.jpg\" alt=\"\" title=\"cropped-treatment-plant-wastewater-2826990_1920.jpg\"> <img  decoding=\"async\" class=\"rightimg shadow-large\" src=\"http:\/\/matora.eu\/wp-content\/uploads\/2020\/09\/cropped-oilseed-rape-5263591_1920.jpg\" alt=\"\" title=\"cropped-oilseed-rape-5263591_1920.jpg\"> <div  class=\"leftimg\"> <img  decoding=\"async\" class=\"shadow-large\" src=\"http:\/\/matora.eu\/wp-content\/uploads\/2020\/09\/cropped-technology-2589463_1920.jpg\" alt=\"\" title=\"cropped-technology-2589463_1920.jpg\"><\/div> <\/div><\/div> <\/div><\/div> <\/div><div  id=\"angebot\" style=\"background-color: #ffffff;\" data-label=\"Angebot\" data-id=\"features-16-card-bordered-mc\" data-export-id=\"features-16-card-bordered-mc\" data-bullets-visibility=\"true\" data-category=\"features\" class=\"features-16-card-bordered-mc content-section content-section-spacing\"><div  class=\"gridContainer\"> <div  class=\"row text-center\"><div  class=\"section-title-col\" data-type=\"column\"> <h5  class=\"\">Was wir machen<\/h5> <h2  class=\"\">Wir bieten L\u00f6sungen<\/h2> <\/div> <\/div> <div  class=\"row spaced-cols\" data-type=\"row\"> <div  class=\"col-xs-12 col-sm-6 col-md-4\"> <div  class=\"card no-padding bordered y-move\"> <img  decoding=\"async\" class=\"face\" src=\"http:\/\/matora.eu\/wp-content\/uploads\/2020\/09\/cropped-8bec14_8f87ae36c58240229fb8aa7dd4accb23_mv2_d_4000_3000_s_4_2.png\" alt=\"\" title=\"cropped-8bec14_8f87ae36c58240229fb8aa7dd4accb23_mv2_d_4000_3000_s_4_2.png\"> <div  data-type=\"column\" class=\"col-padding-small col-padding-small-xs description-container\"> <h4  class=\"font-500\">Luftaufnahmen<\/h4> <p  class=\"\">Sie wollten schon immer gerne ein Bild Ihres Unternehmens oder Ihres Privaten Hauses haben. Perfekt f\u00fcr Werbung und Ihrere Internetpr\u00e4senz. Oder einfach zum einrahmen. Wir zeigen Ihnen Ihr Grundst\u00fcck von einer anderen Perspektive, ob Foto oder Video. Machen Sie einfach direkt jetzt online einen Termin aus.<\/p><\/div> <div  data-type=\"column\" class=\"col-padding-small col-padding-small-xs read-more-container\"><\/div> <\/div><\/div> <div  class=\"col-xs-12 col-sm-6 col-md-4\"><div  class=\"card no-padding bordered y-move\"> <img  decoding=\"async\" class=\"face\" src=\"http:\/\/matora.eu\/wp-content\/uploads\/2020\/09\/cropped-web-1045994_1920.jpg\" alt=\"\" title=\"cropped-web-1045994_1920.jpg\"> <div  data-type=\"column\" class=\"col-padding-small col-padding-small-xs description-container\"> <h4  class=\"font-500\">Webdesign<\/h4> <\/div> <div  data-type=\"column\" class=\"col-padding-small col-padding-small-xs read-more-container\"><\/div> <\/div><\/div> <div  class=\"col-xs-12 col-sm-6 col-md-4\"><div  class=\"card no-padding bordered y-move\"> <img  decoding=\"async\" class=\"face\" src=\"http:\/\/matora.eu\/wp-content\/uploads\/2020\/09\/cropped-8bec14_9726403f45a64ba1a43fb1bf97e12c96_mv2.png\" alt=\"\" title=\"cropped-8bec14_9726403f45a64ba1a43fb1bf97e12c96_mv2.png\"> <div  data-type=\"column\" class=\"col-padding-small col-padding-small-xs description-container\"> <h4  class=\"font-500\">VCDS Codierung<\/h4> <p  class=\"\">VCDS Codierung bestimmter VAG Fahrzeuge m\u00f6glich. Bitte teilen Sie uns mit um welches Fahrzeug es sich handelt, damit wir Ihnen sagen k\u00f6nnen ob ihr Fahrzeug kompatibel ist.<\/p><\/div> <div  data-type=\"column\" class=\"col-padding-small col-padding-small-xs read-more-container\"><\/div> <\/div><\/div> <\/div><\/div> <\/div><div  id=\"webdesign\" style=\"background-color: #f5fafd;\" data-label=\"Webdesign\" data-id=\"content-7-mc\" data-export-id=\"content-7-mc\" data-category=\"content\" class=\"content-7-mc content-section content-section-spacing\"><div  class=\"gridContainer\"> <div  class=\"row middle-sm\"><div  class=\"col-sm-6 space-bottom-xs\" data-type=\"column\"> <h2  class=\"\">Webdesign<\/h2> <p  class=\"\">Webdesign bezeichnet die Planung, Strukturierung und Implementierung von Elementen auf einer Website. Ein Webdesigner entwirft dazu zun\u00e4chst ein Layout, das bestimmt, wie die Webseite sp\u00e4ter einmal aussehen wird. Anschlie\u00dfend wird das nun entstandene Grundger\u00fcst der Website mittels Grafikdesign und UX-Design (User Experience Design) ausgebaut, wobei auch die SEO-Aspekte miteinbezogen werden. Im Zusammenspiel erzeugen diese Teilbereiche eine rundum gelungene Webseite.<\/p> <a class=\"button color1\" href=\"#\" target=\"_self\" data-cp-link=\"1\" rel=\"noopener noreferrer\">Infos<\/a><\/div> <div  class=\"col-sm-6\" data-type=\"column\"> <img  decoding=\"async\" class=\"shadow-large\" src=\"http:\/\/matora.eu\/wp-content\/uploads\/2020\/09\/communication-2824850_1920.jpg\" alt=\"\" title=\"communication-2824850_1920\"><\/div> <\/div><\/div> <\/div><div  id=\"shop\" style=\"background-color: #ffffff;\" data-label=\"Shop\" data-id=\"content-8-mc\" data-export-id=\"content-8-mc\" data-category=\"content\" class=\"content-8-mc content-section content-section-spacing\" data-bullets-visibility=\"true\"><div  class=\"gridContainer\"> <div  class=\"row middle-sm\"><div  class=\"col-sm-6 space-bottom-xs space-top-xs\" data-type=\"column\"> <a data-cp-link=\"1\" href=\"https:\/\/www.spreadshirt.de\/shop\/user\/matora+design\" class=\"\" target=\"_blank\" rel=\"noopener\"><img  decoding=\"async\" class=\"shadow-large\" src=\"https:\/\/matora.eu\/wp-content\/uploads\/2022\/11\/cropped-Shop.jpg\" alt=\"\" title=\"cropped-Shop.jpg\"><\/a><\/div> <div  class=\"col-sm-6\" data-type=\"column\"><h2  class=\"\">Matora Design Shop<\/h2>  <a class=\"button color1\" href=\"https:\/\/www.spreadshirt.de\/shop\/user\/matora+design\" target=\"_blank\" data-cp-link=\"1\" rel=\"noopener noreferrer\">Shop<\/a><\/div> <\/div><\/div> <\/div><div  id=\"portfolio-1\" data-label=\"Portfolio\" data-id=\"portfolio-5-mc\" data-export-id=\"portfolio-5-mc\" data-bullets-visibility=\"true\" data-category=\"portfolio\" class=\"portfolio-5-mc content-section content-section-spacing section-title-col-white-text bg-color1\"><div  class=\"gridContainer\"> <div  class=\"row text-center\"><div  class=\"section-title-col\" data-type=\"column\"> <h5  class=\"\">Unsere Arbeit<\/h5> <h2  class=\"\">Portfolio<\/h2> <p  class=\"lead\">Den Kopf, das Herz und unsere Einstellung zu den Dingen und zur Welt.<\/p><\/div> <\/div> <div  class=\"row space-bottom spaced-cols\" data-type=\"row\"> <div  class=\"col-xs-12 col-sm-4 text-center\"> <div  class=\"card no-padding bordered\"> <div  data-hover-fx=\"portfolio-6\" class=\"contentswap-effect contentswap-overlay\" style=\"float: none; margin: 0; width: 100%;\"> <div  class=\"initial-image\" style=\"float: none; margin: 0;\"> <img  decoding=\"async\" data-size=\"500x333\" src=\"http:\/\/matora.eu\/wp-content\/uploads\/2018\/01\/cropped-image001-1.png\"><\/div> <div  class=\"overlay bg-color6\" style=\"display: block; transition: opacity 800ms ease 0s; -webkit-transition-timing-function: ease; -moz-transition-timing-function: ease; -o-transition-timing-function: ease; transition-timing-function: ease;\"><\/div> <div  class=\"swap-inner col-xs-12\" style=\"display: block; transition: all 800ms ease 0s; background-color: rgba(0,0,0,0); margin-top: 0;\"> <div  class=\"row full-height-row middle-xs middle-sm\"> <div  class=\"col-xs-12 text-center content-holder\"> <a class=\"button small color2\" href=\"https:\/\/matora.eu?p=101\" target=\"_self\" data-cp-link=\"1\" rel=\"noopener noreferrer\">View case study<\/a><\/div> <\/div><\/div> <\/div> <div  class=\"col-xs-12\"> <div  class=\"space-bottom space-top\" data-type=\"column\"> <h5  class=\"\">Verein<\/h5> <p  class=\"small italic\">Projekt zur Gr\u00fcndung eines Vereines in Schwarzenbruck. Vorstand\/Beisitzer f\u00fcr IT. Zust\u00e4ndig f\u00fcr Webdesign und Fotografie. http:\/\/www.avanti-schwarzenbruck.de<\/p><\/div> <\/div><\/div> <\/div> <div  class=\"col-xs-12 col-sm-4 text-center\"> <div  class=\"card no-padding bordered\"> <div  data-hover-fx=\"portfolio-6\" class=\"contentswap-effect contentswap-overlay\" style=\"float: none; margin: 0; width: 100%;\"> <div  class=\"initial-image\" style=\"float: none; margin: 0;\"> <img  decoding=\"async\" data-size=\"500x333\" src=\"http:\/\/matora.eu\/wp-content\/uploads\/2018\/01\/cropped-28377485_1756451974405061_862172592938428657_n-1.jpg\"><\/div> <div  class=\"overlay bg-color6\" style=\"display: block; transition: opacity 800ms ease 0s; -webkit-transition-timing-function: ease; -moz-transition-timing-function: ease; -o-transition-timing-function: ease; transition-timing-function: ease;\"><\/div> <div  class=\"swap-inner col-xs-12\" style=\"display: block; transition: all 800ms ease 0s; background-color: rgba(0,0,0,0); margin-top: 0;\"> <div  class=\"row full-height-row middle-xs middle-sm\"> <div  class=\"col-xs-12 text-center content-holder\"> <a class=\"button small color2\" href=\"https:\/\/matora.eu?p=1\" target=\"_self\" data-cp-link=\"1\" rel=\"noopener noreferrer\">View case study<\/a><\/div> <\/div><\/div> <\/div> <div  class=\"col-xs-12\"> <div  class=\"space-bottom space-top\" data-type=\"column\"> <h5  class=\"\">B\u00fcrgerinitiative<\/h5> <p  class=\"small italic\">Projekt Aufbau einer B\u00fcrgerinitiative gegen den Verkehr auf der B8 in Ochenbruck und Pfeifferh\u00fctte. T\u00e4tigkeitsbereiche social Media Auftritt pflegen und aktuell halten. Kontakt herstellen zu Fernsehsender wie BR und Franken[\u2026]<\/p><\/div> <\/div><\/div> <\/div> <div  class=\"col-xs-12 col-sm-4 text-center\"> <div  class=\"card no-padding bordered\"> <div  data-hover-fx=\"portfolio-6\" class=\"contentswap-effect contentswap-overlay\" style=\"float: none; margin: 0; width: 100%;\"> <div  class=\"initial-image\" style=\"float: none; margin: 0;\"> <img  decoding=\"async\" data-size=\"500x333\" src=\"http:\/\/matora.eu\/wp-content\/uploads\/2008\/11\/cropped-10565285_722766864455654_2951572258681209794_n.jpg\"><\/div> <div  class=\"overlay bg-color6\" style=\"display: block; transition: opacity 800ms ease 0s; -webkit-transition-timing-function: ease; -moz-transition-timing-function: ease; -o-transition-timing-function: ease; transition-timing-function: ease;\"><\/div> <div  class=\"swap-inner col-xs-12\" style=\"display: block; transition: all 800ms ease 0s; background-color: rgba(0,0,0,0); margin-top: 0;\"> <div  class=\"row full-height-row middle-xs middle-sm\"> <div  class=\"col-xs-12 text-center content-holder\"> <a class=\"button small color2\" href=\"https:\/\/matora.eu?p=99\" target=\"_self\" data-cp-link=\"1\" rel=\"noopener noreferrer\">View case study<\/a><\/div> <\/div><\/div> <\/div> <div  class=\"col-xs-12\"> <div  class=\"space-bottom space-top\" data-type=\"column\"> <h5  class=\"\">Bahnhof Ochenbruck<\/h5> <p  class=\"small italic\">\u00d6ffentlichkeitsarbeit Bahnhof Ochenbruck. Fotos, Videos und Webdesign. Desweiteren Aktuellste Informationen und Aufarbeitung der Geschichte. http:\/\/www.bahnhof-ochenbruck.de.tl<\/p><\/div> <\/div><\/div> <\/div><\/div> <div  class=\"row\"><div  data-type=\"column\" class=\"col-xs-12 text-center\"> <a class=\"button color2 y-move\" href=\"#\" target=\"_self\" data-cp-link=\"1\" rel=\"noopener noreferrer\">Sehen sie sich unser Portfolio an<\/a><\/div> <\/div><\/div> <\/div><div  id=\"team-1\" style=\"background-color: #ffffff;\" data-label=\"Team\" data-id=\"team-5-mc\" data-export-id=\"team-5-mc\" data-bullets-visibility=\"true\" data-category=\"team\" class=\"team-5-mc content-section content-section-spacing\"><div  class=\"gridContainer\"> <div  class=\"row text-center\"><div  class=\"section-title-col\" data-type=\"column\"> <h5  class=\"\">Unser fantastisches Team<\/h5> <h2  class=\"\">Unser Team<\/h2> <\/div> <\/div> <div  class=\"row spaced-cols content-center-sm\" data-type=\"row\">  <div  class=\"col-xs-12 col-sm-6 col-md-3 col-padding\"> <div  class=\"row \"> <div  data-type=\"column\" class=\"col-xs-12 col-sm-12\"> <img  decoding=\"async\" class=\"round face\" src=\"http:\/\/matora.eu\/wp-content\/uploads\/2020\/09\/cropped-DSC_0043-1-scaled-1.jpg\" alt=\"\" title=\"cropped-DSC_0043-1-scaled-1.jpg\"> <h4  class=\"font-500\">Teammitglied<\/h4> <p  class=\"italic\">Tech. Produktdesigner<\/p>  <div  class=\"social-icons-group\" data-type=\"group\"> <a href=\"https:\/\/www.facebook.com\/MarkusArotam\" target=\"_self\" rel=\"noopener noreferrer\" class=\"\"><i  class=\"gray fa icon fa-facebook-square\"><\/i><\/a> <a href=\"https:\/\/twitter.com\/MR_MATORA\" target=\"_self\" rel=\"noopener noreferrer\" class=\"\"><i  class=\"gray fa icon fa-twitter-square\"><\/i><\/a> <a href=\"https:\/\/www.markus-rauh.de\" target=\"_blank\" rel=\"noopener noreferrer\" class=\"\"><i  class=\"gray fa icon fa-globe\"><\/i><\/a> <a href=\"#\" target=\"_self\" data-reiki-hidden=\"true\" rel=\"noopener noreferrer\"><i  class=\"gray fa icon fa-google-plus-square\"><\/i><\/a><\/div> <\/div><\/div> <\/div>  <\/div> <\/div><\/div><div  id=\"blog\" style=\"background-color: #f5fafd;\" data-label=\"Blog\" data-id=\"blog-section-mc\" data-export-id=\"blog-section-mc\" data-category=\"latest_news\" class=\"blog-section-mc blog-section-standard content-section content-section-spacing\" data-bullets-visibility=\"true\"><div  class=\"gridContainer\"> <div  class=\"row\"><div  data-type=\"column\" class=\"section-title-col\"> <h5  class=\"\">Wir lieben blogging<\/h5> <h2  class=\"\">Das neueste aus unserem Blog<\/h2> <\/div> <\/div> <div  class=\"row\"> <div  data-type=\"row\" data-dynamic-columns=\"handled\" data-content-shortcode=\"mesmerize_latest_news posts=&quot;3&quot;\">\t\t<div class=\"row center-sm content-left-sm\">\n\t\t\t\t\t<div id=\"post-101\" class=\"col-sm-6 col-md-4 space-bottom space-bottom-xs\">\n\t\t\t\t<div class=\"post-content card y-move bordered\">\n\t\t\t\t\t<div class=\"post-thumbnail\">\n   <a href=\"https:\/\/matora.eu\/avanti-e-v\/\" class=\"post-list-item-thumb \">\n      <img loading=\"lazy\" decoding=\"async\" width=\"383\" height=\"411\" src=\"https:\/\/matora.eu\/wp-content\/uploads\/2018\/01\/image001.png\" class=\"attachment-post-thumbnail size-post-thumbnail wp-post-image\" alt=\"\" srcset=\"https:\/\/matora.eu\/wp-content\/uploads\/2018\/01\/image001.png 383w, https:\/\/matora.eu\/wp-content\/uploads\/2018\/01\/image001-280x300.png 280w\" sizes=\"auto, (max-width: 383px) 100vw, 383px\" \/>   <\/a>\n<\/div>\n\t\t\t\t\t<div class=\"col-padding col-padding-xs\">\n\t\t\t\t\t\t<h3 class=\"post-title space-bottom-small\">\n\t\t\t\t\t\t\t<a href=\"https:\/\/matora.eu\/avanti-e-v\/\" rel=\"bookmark\">\n\t\t\t\t\t\t\t\tAvanti &#8211; Mobile Zukunft Schwarzenbruck e.V.\t\t\t\t\t\t\t<\/a>\n\t\t\t\t\t\t<\/h3>\n\t\t\t\t\t\t<p>Projekt zur Gr\u00fcndung eines Vereines in Schwarzenbruck. Vorstand\/Beisitzer f\u00fcr IT. Zust\u00e4ndig f\u00fcr Webdesign und Fotografie. http:\/\/www.avanti-schwarzenbruck.de<\/p>\n\t\t\t\t\t\t<a class=\"read-more link\" href=\"https:\/\/matora.eu\/avanti-e-v\/\">\n\t\t\t\t\t\t\tRead more\t\t\t\t\t\t<\/a>\n\t\t\t\t\t<\/div>\n\t\t\t\t<\/div>\n\t\t\t<\/div>\n\t\t\t\t\t\t<div id=\"post-1\" class=\"col-sm-6 col-md-4 space-bottom space-bottom-xs\">\n\t\t\t\t<div class=\"post-content card y-move bordered\">\n\t\t\t\t\t<div class=\"post-thumbnail\">\n   <a href=\"https:\/\/matora.eu\/hello-world\/\" class=\"post-list-item-thumb \">\n      <img loading=\"lazy\" decoding=\"async\" width=\"458\" height=\"458\" src=\"https:\/\/matora.eu\/wp-content\/uploads\/2018\/01\/28377485_1756451974405061_862172592938428657_n.jpg\" class=\"attachment-post-thumbnail size-post-thumbnail wp-post-image\" alt=\"\" srcset=\"https:\/\/matora.eu\/wp-content\/uploads\/2018\/01\/28377485_1756451974405061_862172592938428657_n.jpg 458w, https:\/\/matora.eu\/wp-content\/uploads\/2018\/01\/28377485_1756451974405061_862172592938428657_n-300x300.jpg 300w, https:\/\/matora.eu\/wp-content\/uploads\/2018\/01\/28377485_1756451974405061_862172592938428657_n-100x100.jpg 100w, https:\/\/matora.eu\/wp-content\/uploads\/2018\/01\/28377485_1756451974405061_862172592938428657_n-150x150.jpg 150w\" sizes=\"auto, (max-width: 458px) 100vw, 458px\" \/>   <\/a>\n<\/div>\n\t\t\t\t\t<div class=\"col-padding col-padding-xs\">\n\t\t\t\t\t\t<h3 class=\"post-title space-bottom-small\">\n\t\t\t\t\t\t\t<a href=\"https:\/\/matora.eu\/hello-world\/\" rel=\"bookmark\">\n\t\t\t\t\t\t\t\tB\u00fcrgerinitiative Albtraum B8\t\t\t\t\t\t\t<\/a>\n\t\t\t\t\t\t<\/h3>\n\t\t\t\t\t\t<p>Projekt Aufbau einer B\u00fcrgerinitiative gegen den Verkehr auf der B8 in Ochenbruck und Pfeifferh\u00fctte. T\u00e4tigkeitsbereiche social Media Auftritt pflegen und aktuell halten. Kontakt herstellen zu Fernsehsender wie BR und Franken[&hellip;]<\/p>\n\t\t\t\t\t\t<a class=\"read-more link\" href=\"https:\/\/matora.eu\/hello-world\/\">\n\t\t\t\t\t\t\tRead more\t\t\t\t\t\t<\/a>\n\t\t\t\t\t<\/div>\n\t\t\t\t<\/div>\n\t\t\t<\/div>\n\t\t\t\t\t\t<div id=\"post-99\" class=\"col-sm-6 col-md-4 space-bottom space-bottom-xs\">\n\t\t\t\t<div class=\"post-content card y-move bordered\">\n\t\t\t\t\t<div class=\"post-thumbnail\">\n   <a href=\"https:\/\/matora.eu\/bahnhof-ochenbruck\/\" class=\"post-list-item-thumb \">\n      <img loading=\"lazy\" decoding=\"async\" width=\"563\" height=\"334\" src=\"https:\/\/matora.eu\/wp-content\/uploads\/2008\/11\/10565285_722766864455654_2951572258681209794_n.jpg\" class=\"attachment-post-thumbnail size-post-thumbnail wp-post-image\" alt=\"\" srcset=\"https:\/\/matora.eu\/wp-content\/uploads\/2008\/11\/10565285_722766864455654_2951572258681209794_n.jpg 563w, https:\/\/matora.eu\/wp-content\/uploads\/2008\/11\/10565285_722766864455654_2951572258681209794_n-300x178.jpg 300w\" sizes=\"auto, (max-width: 563px) 100vw, 563px\" \/>   <\/a>\n<\/div>\n\t\t\t\t\t<div class=\"col-padding col-padding-xs\">\n\t\t\t\t\t\t<h3 class=\"post-title space-bottom-small\">\n\t\t\t\t\t\t\t<a href=\"https:\/\/matora.eu\/bahnhof-ochenbruck\/\" rel=\"bookmark\">\n\t\t\t\t\t\t\t\tBahnhof Ochenbruck\t\t\t\t\t\t\t<\/a>\n\t\t\t\t\t\t<\/h3>\n\t\t\t\t\t\t<p>\u00d6ffentlichkeitsarbeit Bahnhof Ochenbruck. Fotos, Videos und Webdesign. Desweiteren Aktuellste Informationen und Aufarbeitung der Geschichte. http:\/\/www.bahnhof-ochenbruck.de.tl<\/p>\n\t\t\t\t\t\t<a class=\"read-more link\" href=\"https:\/\/matora.eu\/bahnhof-ochenbruck\/\">\n\t\t\t\t\t\t\tRead more\t\t\t\t\t\t<\/a>\n\t\t\t\t\t<\/div>\n\t\t\t\t<\/div>\n\t\t\t<\/div>\n\t\t\t\t<\/div>\n\t<\/div><\/div> <div  class=\"row\"><div  class=\"text-center\"> <a  class=\"button color1\" data-attr-shortcode=\"href:mesmerize_blog_link\" href=\"https:\/\/matora.eu\/blog\/\">Sehen sie sich unseren Blog an<\/a><\/div> <\/div><\/div><\/div><div  id=\"kontakt\" style=\"background-color: #ffffff;\" data-label=\"Kontakt\" data-id=\"contact-1-mc\" data-export-id=\"contact-1-mc\" data-bullets-visibility=\"true\" data-category=\"contact\" class=\"contact-1-mc content-section content-section-spacing white-text\" data-parallax-depth=\"20\"><div  class=\"gridContainer\"> <div  class=\"row text-center\"><div  class=\"section-title-col\" data-type=\"column\"> <h5  class=\"\">Verbinde dich mit uns<\/h5> <h2  class=\"\">Kontaktiere uns<\/h2> <\/div> <\/div> <div  class=\"row text-center\"> <div  class=\"col-xs-12 col-sm-8 col-sm-offset-2 contact-form-wrapper inline-info\"> <div  class=\"card large-padding\"> <div  class=\"\" data-content-shortcode=\"mesmerize_contact_form\" data-editable=\"true\"><p style=\"text-align:center;color:#ababab\">Contact form will be displayed here. To activate it you have to set the \"contact form shortcode\" parameter in Customizer.<\/p><\/div><\/div> <\/div><\/div> <\/div><\/div>","protected":false},"excerpt":{"rendered":"<p>Fotografie Videografie Luftaufnahmen 3D Druck Cloud Musik Was wir tun Wir bieten&nbsp; Aufnahmen f\u00fcr alle Ihre Bed\u00fcrfnisse Jetzt starten Was wir machen Wir bieten L\u00f6sungen Luftaufnahmen Sie wollten schon immer gerne ein Bild Ihres Unternehmens oder Ihres Privaten Hauses haben. Perfekt f\u00fcr Werbung und Ihrere Internetpr\u00e4senz. Oder einfach zum einrahmen. Wir zeigen Ihnen Ihr Grundst\u00fcck&hellip; <br \/> <a class=\"read-more\" href=\"https:\/\/matora.eu\/bahnhof-ochenbruck\/\">Weiterlesen<\/a><\/p>\n","protected":false},"author":1,"featured_media":0,"parent":0,"menu_order":0,"comment_status":"closed","ping_status":"closed","template":"page-templates\/homepage.php","meta":{"footnotes":""},"class_list":["post-185","page","type-page","status-publish","hentry"],"_links":{"self":[{"href":"https:\/\/matora.eu\/wp-json\/wp\/v2\/pages\/185","targetHints":{"allow":["GET"]}}],"collection":[{"href":"https:\/\/matora.eu\/wp-json\/wp\/v2\/pages"}],"about":[{"href":"https:\/\/matora.eu\/wp-json\/wp\/v2\/types\/page"}],"author":[{"embeddable":true,"href":"https:\/\/matora.eu\/wp-json\/wp\/v2\/users\/1"}],"replies":[{"embeddable":true,"href":"https:\/\/matora.eu\/wp-json\/wp\/v2\/comments?post=185"}],"version-history":[{"count":27,"href":"https:\/\/matora.eu\/wp-json\/wp\/v2\/pages\/185\/revisions"}],"predecessor-version":[{"id":371,"href":"https:\/\/matora.eu\/wp-json\/wp\/v2\/pages\/185\/revisions\/371"}],"wp:attachment":[{"href":"https:\/\/matora.eu\/wp-json\/wp\/v2\/media?parent=185"}],"curies":[{"name":"wp","href":"https:\/\/api.w.org\/{rel}","templated":true}]}}